{"id":15,"date":"2008-11-20T00:27:42","date_gmt":"2008-11-19T23:27:42","guid":{"rendered":"http:\/\/peterklara.kernel.hu\/?page_id=15"},"modified":"2022-06-08T06:38:17","modified_gmt":"2022-06-08T05:38:17","slug":"nyito-oldal","status":"publish","type":"page","link":"http:\/\/peterklara.kernel.hu\/","title":{"rendered":"Nyit\u00f3 oldal"},"content":{"rendered":"<h2>Tisztelt L\u00e1togat\u00f3!<\/h2>\n<div class=\"entry\">\n<p style=\"text-align: justify;\">\u00daj t\u00e1rhelyen m\u0171k\u00f6dik a honlap 2008 v\u00e9g\u00e9t\u0151l.&nbsp; K\u00e9sz\u00edt\u00e9s\u00e9t a m\u00e1sodik, m\u00e1r nem meg\u00e9lt sz\u00fclet\u00e9snappal nagyj\u00e1b\u00f3l egyid\u0151ben kezdtem.<\/p>\n<p style=\"text-align: justify;\">V\u00e1ltozik, \u00faj anyagok, k\u00e9pek ker\u00fclnek fel r\u00e1.<\/p>\n<p style=\"text-align: justify;\">Amit itt teszek fel, t\u00f6red\u00e9kek, \u00e1ll\u00f3- \u00e9s mozg\u00f3k\u00e9pek, eml\u00e9kek.<\/p>\n<p style=\"text-align: justify;\">A l\u00e9nyeg azonban <a href=\"https:\/\/www.tidslommen.com\/\">Tag Heuer Replica Watches<\/a> tov\u00e1bbra sem v\u00e1ltozik. A f\u00e9nyk\u00e9pek id\u0151nk\u00e9nti v\u00e1ltoztat\u00e1sokkal tov\u00e1bbra is el\u00e9rhet\u0151ek.&nbsp; \u00c9s felrakhat\u00f3k az eml\u00e9kek, t\u00f6rt\u00e9netek is.<\/p>\n<p style=\"text-align: justify;\">B\u00e1rmelyik f\u00e9nyk\u00e9pre klikkelve az kinagy\u00edthat\u00f3 \u00e9s l\u00e9ptet\u00e9ssel n\u00e9zhet\u0151 a t\u00f6bbi k\u00e9p is.<\/p>\n<p style=\"text-align: justify;\">Ha meg valakinek gondot okoz egy f\u00e9nyk\u00e9p, egy lev\u00e9l, egy eml\u00e9k felrak\u00e1sa , azt arra k\u00e9rem, juttassa el <a href=\"https:\/\/www.tidslommen.com\/\">Tag Heuer Replica<\/a> hozz\u00e1m post\u00e1n vagy elektronikus \u00faton,&nbsp; gondoskodni fogok arr\u00f3l, hogy az r\u00f6vid id\u0151n bel\u00fcl&nbsp; a megfelel\u0151 helyre felker\u00fclj\u00f6n.<\/p>\n<p style=\"text-align: right;\">Kozm\u00e1nyi Tam\u00e1s<br \/>\n<a href=\"mailto:klari_tamas@t-online.hu\">klari_tamast-online.hu<\/a><\/p>\n<p style=\"text-align: right;\">&nbsp;<\/p>\n<p style=\"text-align: left;\">&nbsp;<\/p>\n<\/div>\n","protected":false},"excerpt":{"rendered":"<p>Tisztelt L\u00e1togat\u00f3! \u00daj t\u00e1rhelyen m\u0171k\u00f6dik a honlap 2008 v\u00e9g\u00e9t\u0151l.&nbsp; K\u00e9sz\u00edt\u00e9s\u00e9t a m\u00e1sodik, m\u00e1r nem meg\u00e9lt sz\u00fclet\u00e9snappal nagyj\u00e1b\u00f3l egyid\u0151ben kezdtem. V\u00e1ltozik, \u00faj anyagok, k\u00e9pek ker\u00fclnek fel r\u00e1. Amit itt teszek fel, t\u00f6red\u00e9kek, \u00e1ll\u00f3- \u00e9s mozg\u00f3k\u00e9pek, eml\u00e9kek. A l\u00e9nyeg azonban Tag Heuer Replica Watches tov\u00e1bbra sem v\u00e1ltozik. A f\u00e9nyk\u00e9pek id\u0151nk\u00e9nti v\u00e1ltoztat\u00e1sokkal tov\u00e1bbra is el\u00e9rhet\u0151ek.&nbsp; \u00c9s felrakhat\u00f3k az [&hellip;]<\/p>\n","protected":false},"author":3,"featured_media":0,"parent":0,"menu_order":0,"comment_status":"closed","ping_status":"closed","template":"","meta":[],"_links":{"self":[{"href":"http:\/\/peterklara.kernel.hu\/index.php?rest_route=\/wp\/v2\/pages\/15"}],"collection":[{"href":"http:\/\/peterklara.kernel.hu\/index.php?rest_route=\/wp\/v2\/pages"}],"about":[{"href":"http:\/\/peterklara.kernel.hu\/index.php?rest_route=\/wp\/v2\/types\/page"}],"author":[{"embeddable":true,"href":"http:\/\/peterklara.kernel.hu\/index.php?rest_route=\/wp\/v2\/users\/3"}],"replies":[{"embeddable":true,"href":"http:\/\/peterklara.kernel.hu\/index.php?rest_route=%2Fwp%2Fv2%2Fcomments&post=15"}],"version-history":[{"count":17,"href":"http:\/\/peterklara.kernel.hu\/index.php?rest_route=\/wp\/v2\/pages\/15\/revisions"}],"predecessor-version":[{"id":1227,"href":"http:\/\/peterklara.kernel.hu\/index.php?rest_route=\/wp\/v2\/pages\/15\/revisions\/1227"}],"wp:attachment":[{"href":"http:\/\/peterklara.kernel.hu\/index.php?rest_route=%2Fwp%2Fv2%2Fmedia&parent=15"}],"curies":[{"name":"wp","href":"https:\/\/api.w.org\/{rel}","templated":true}]}}